{"id":627,"date":"2023-04-21T13:08:24","date_gmt":"2023-04-21T13:08:24","guid":{"rendered":"https:\/\/carnesdagandara.pt\/angola\/"},"modified":"2023-09-19T10:40:35","modified_gmt":"2023-09-19T10:40:35","slug":"angola","status":"publish","type":"page","link":"https:\/\/carnesdagandara.pt\/en\/angola\/","title":{"rendered":"Angola"},"content":{"rendered":"\t\t<div data-elementor-type=\"wp-page\" data-elementor-id=\"627\" class=\"elementor elementor-627 elementor-18\" data-elementor-post-type=\"page\">\n\t\t\t\t\t\t\t<div class=\"elementor-element elementor-element-afaf74e e-flex e-con-boxed e-con e-parent\" data-id=\"afaf74e\" data-element_type=\"container\" data-settings=\"{&quot;background_background&quot;:&quot;classic&quot;,&quot;jet_parallax_layout_list&quot;:[],&quot;container_type&quot;:&quot;flex&quot;,&quot;content_width&quot;:&quot;boxed&quot;}\" data-e-bg-lazyload=\"\" data-core-v316-plus=\"true\">\n\t\t\t\t\t<div class=\"e-con-inner\">\n\t\t\t\t\t<\/div>\n\t\t\t\t<\/div>\n\t\t<div class=\"elementor-element elementor-element-d7a9f2e e-flex e-con-boxed e-con e-parent\" data-id=\"d7a9f2e\" data-element_type=\"container\" data-settings=\"{&quot;jet_parallax_layout_list&quot;:[],&quot;container_type&quot;:&quot;flex&quot;,&quot;content_width&quot;:&quot;boxed&quot;}\" data-core-v316-plus=\"true\">\n\t\t\t\t\t<div class=\"e-con-inner\">\n\t\t<div class=\"elementor-element elementor-element-3069bbd e-con-full e-flex e-con e-parent\" data-id=\"3069bbd\" data-element_type=\"container\" data-settings=\"{&quot;content_width&quot;:&quot;full&quot;,&quot;jet_parallax_layout_list&quot;:[],&quot;container_type&quot;:&quot;flex&quot;}\" data-core-v316-plus=\"true\">\n\t\t\t\t<div class=\"elementor-element elementor-element-df7c854 elementor-widget elementor-widget-heading\" data-id=\"df7c854\" data-element_type=\"widget\" data-widget_type=\"heading.default\">\n\t\t\t\t<div class=\"elementor-widget-container\">\n\t\t\t<style>\/*! elementor - v3.16.0 - 20-09-2023 *\/\n.elementor-heading-title{padding:0;margin:0;line-height:1}.elementor-widget-heading .elementor-heading-title[class*=elementor-size-]>a{color:inherit;font-size:inherit;line-height:inherit}.elementor-widget-heading .elementor-heading-title.elementor-size-small{font-size:15px}.elementor-widget-heading .elementor-heading-title.elementor-size-medium{font-size:19px}.elementor-widget-heading .elementor-heading-title.elementor-size-large{font-size:29px}.elementor-widget-heading .elementor-heading-title.elementor-size-xl{font-size:39px}.elementor-widget-heading .elementor-heading-title.elementor-size-xxl{font-size:59px}<\/style><h1 class=\"elementor-heading-title elementor-size-default\">Angola<\/h1>\t\t<\/div>\n\t\t\t\t<\/div>\n\t\t\t\t<div class=\"elementor-element elementor-element-82490e2 elementor-widget elementor-widget-text-editor\" data-id=\"82490e2\" data-element_type=\"widget\" data-widget_type=\"text-editor.default\">\n\t\t\t\t<div class=\"elementor-widget-container\">\n\t\t\t<style>\/*! elementor - v3.16.0 - 20-09-2023 *\/\n.elementor-widget-text-editor.elementor-drop-cap-view-stacked .elementor-drop-cap{background-color:#69727d;color:#fff}.elementor-widget-text-editor.elementor-drop-cap-view-framed .elementor-drop-cap{color:#69727d;border:3px solid;background-color:transparent}.elementor-widget-text-editor:not(.elementor-drop-cap-view-default) .elementor-drop-cap{margin-top:8px}.elementor-widget-text-editor:not(.elementor-drop-cap-view-default) .elementor-drop-cap-letter{width:1em;height:1em}.elementor-widget-text-editor .elementor-drop-cap{float:left;text-align:center;line-height:1;font-size:50px}.elementor-widget-text-editor .elementor-drop-cap-letter{display:inline-block}<\/style>\t\t\t\t<p>In Angola, our company, G\u00e2ndara Angola Lda. dedicates itself to the national and international distribution of food products. For this we have our logistic infrastructure for storage and transportation, with modern refrigeration equipment.<\/p><p>In G\u00e2ndara Angola Lda. we work together with Ind\u00fastria de Carnes da G\u00e2ndara to produce the best food products, home-made or from other manufacturers, such as frozen beef, pork or lamb and our traditional Portuguese charcuterie products. We also have frozen products like cod fish and other groceries.<\/p>\t\t\t\t\t\t<\/div>\n\t\t\t\t<\/div>\n\t\t\t\t<\/div>\n\t\t<div class=\"elementor-element elementor-element-bc7a73d e-con-full e-flex e-con e-parent\" data-id=\"bc7a73d\" data-element_type=\"container\" data-settings=\"{&quot;content_width&quot;:&quot;full&quot;,&quot;jet_parallax_layout_list&quot;:[],&quot;container_type&quot;:&quot;flex&quot;}\" data-core-v316-plus=\"true\">\n\t\t\t\t<div class=\"elementor-element elementor-element-ae8fe56 multiply elementor-hidden-mobile elementor-widget elementor-widget-image\" data-id=\"ae8fe56\" data-element_type=\"widget\" data-settings=\"{&quot;motion_fx_motion_fx_scrolling&quot;:&quot;yes&quot;,&quot;motion_fx_translateY_effect&quot;:&quot;yes&quot;,&quot;motion_fx_translateY_speed&quot;:{&quot;unit&quot;:&quot;px&quot;,&quot;size&quot;:1.9,&quot;sizes&quot;:[]},&quot;motion_fx_translateY_affectedRange&quot;:{&quot;unit&quot;:&quot;%&quot;,&quot;size&quot;:&quot;&quot;,&quot;sizes&quot;:{&quot;start&quot;:0,&quot;end&quot;:100}},&quot;motion_fx_devices&quot;:[&quot;desktop&quot;,&quot;tablet&quot;,&quot;mobile&quot;]}\" data-widget_type=\"image.default\">\n\t\t\t\t<div class=\"elementor-widget-container\">\n\t\t\t<style>\/*! elementor - v3.16.0 - 20-09-2023 *\/\n.elementor-widget-image{text-align:center}.elementor-widget-image a{display:inline-block}.elementor-widget-image a img[src$=\".svg\"]{width:48px}.elementor-widget-image img{vertical-align:middle;display:inline-block}<\/style>\t\t\t\t\t\t\t\t\t\t\t\t<img loading=\"lazy\" decoding=\"async\" width=\"800\" height=\"534\" src=\"https:\/\/carnesdagandara.pt\/wp-content\/uploads\/2023\/09\/vazia-1024x683.webp\" class=\"attachment-large size-large wp-image-299\" alt=\"\" srcset=\"https:\/\/carnesdagandara.pt\/wp-content\/uploads\/2023\/09\/vazia-1024x683.webp 1024w, https:\/\/carnesdagandara.pt\/wp-content\/uploads\/2023\/09\/vazia-300x200.webp 300w, https:\/\/carnesdagandara.pt\/wp-content\/uploads\/2023\/09\/vazia-768x512.webp 768w, https:\/\/carnesdagandara.pt\/wp-content\/uploads\/2023\/09\/vazia-1536x1024.webp 1536w, https:\/\/carnesdagandara.pt\/wp-content\/uploads\/2023\/09\/vazia.webp 1920w\" sizes=\"auto, (max-width: 800px) 100vw, 800px\" \/>\t\t\t\t\t\t\t\t\t\t\t\t\t\t\t<\/div>\n\t\t\t\t<\/div>\n\t\t\t\t<div class=\"elementor-element elementor-element-ddfe74b multiply elementor-hidden-desktop elementor-hidden-tablet elementor-widget elementor-widget-image\" data-id=\"ddfe74b\" data-element_type=\"widget\" data-widget_type=\"image.default\">\n\t\t\t\t<div class=\"elementor-widget-container\">\n\t\t\t\t\t\t\t\t\t\t\t\t\t\t\t<img loading=\"lazy\" decoding=\"async\" width=\"800\" height=\"534\" src=\"https:\/\/carnesdagandara.pt\/wp-content\/uploads\/2023\/09\/vazia-1024x683.webp\" class=\"attachment-large size-large wp-image-299\" alt=\"\" srcset=\"https:\/\/carnesdagandara.pt\/wp-content\/uploads\/2023\/09\/vazia-1024x683.webp 1024w, https:\/\/carnesdagandara.pt\/wp-content\/uploads\/2023\/09\/vazia-300x200.webp 300w, https:\/\/carnesdagandara.pt\/wp-content\/uploads\/2023\/09\/vazia-768x512.webp 768w, https:\/\/carnesdagandara.pt\/wp-content\/uploads\/2023\/09\/vazia-1536x1024.webp 1536w, https:\/\/carnesdagandara.pt\/wp-content\/uploads\/2023\/09\/vazia.webp 1920w\" sizes=\"auto, (max-width: 800px) 100vw, 800px\" \/>\t\t\t\t\t\t\t\t\t\t\t\t\t\t\t<\/div>\n\t\t\t\t<\/div>\n\t\t\t\t<\/div>\n\t\t\t\t\t<\/div>\n\t\t\t\t<\/div>\n\t\t<div class=\"elementor-element elementor-element-b40084d e-flex e-con-boxed e-con e-parent\" data-id=\"b40084d\" data-element_type=\"container\" data-settings=\"{&quot;jet_parallax_layout_list&quot;:[],&quot;container_type&quot;:&quot;flex&quot;,&quot;content_width&quot;:&quot;boxed&quot;}\" data-core-v316-plus=\"true\">\n\t\t\t\t\t<div class=\"e-con-inner\">\n\t\t<div class=\"elementor-element elementor-element-605ced3 e-con-full e-flex e-con e-parent\" data-id=\"605ced3\" data-element_type=\"container\" data-settings=\"{&quot;content_width&quot;:&quot;full&quot;,&quot;background_background&quot;:&quot;gradient&quot;,&quot;jet_parallax_layout_list&quot;:[],&quot;container_type&quot;:&quot;flex&quot;}\" data-core-v316-plus=\"true\">\n\t\t\t\t<div class=\"elementor-element elementor-element-887db43 elementor-widget elementor-widget-heading\" data-id=\"887db43\" data-element_type=\"widget\" data-widget_type=\"heading.default\">\n\t\t\t\t<div class=\"elementor-widget-container\">\n\t\t\t<h3 class=\"elementor-heading-title elementor-size-default\">G\u00c2NDARA Angola, LDA.<\/h3>\t\t<\/div>\n\t\t\t\t<\/div>\n\t\t\t\t<div class=\"elementor-element elementor-element-7c19fa1 elementor-widget elementor-widget-text-editor\" data-id=\"7c19fa1\" data-element_type=\"widget\" data-widget_type=\"text-editor.default\">\n\t\t\t\t<div class=\"elementor-widget-container\">\n\t\t\t\t\t\t\t<p>Av. Deolinda Rodrigues, KM 7 S\/N<br \/>Grafanil<br \/>Luanda &#8211; ANGOLA<\/p><p><strong>Office<\/strong><br \/>T. +244 930 438 962<br \/>E. gandarangola@gmail.com<\/p><p><strong>Financial Direction<br \/><\/strong>T. +244 937 926 091<br \/>E. gandarangola.financeiro@gmail.com<\/p><p><strong>Comercial Direction<\/strong><br \/>T. +244 922 029 127<br \/>E. gandarangolapp@gmail.com<\/p><p><strong>Administration Services<\/strong><br \/>Jorge Oliveira<br \/>T. +244 926 645 262<br \/>E. jorgecabete@gmail.com<\/p>\t\t\t\t\t\t<\/div>\n\t\t\t\t<\/div>\n\t\t\t\t<\/div>\n\t\t\t\t\t<\/div>\n\t\t\t\t<\/div>\n\t\t<div class=\"elementor-element elementor-element-9648575 elementor-hidden-desktop elementor-hidden-tablet elementor-hidden-mobile e-flex e-con-boxed e-con e-parent\" data-id=\"9648575\" data-element_type=\"container\" data-settings=\"{&quot;jet_parallax_layout_list&quot;:[],&quot;container_type&quot;:&quot;flex&quot;,&quot;content_width&quot;:&quot;boxed&quot;}\" data-core-v316-plus=\"true\">\n\t\t\t\t\t<div class=\"e-con-inner\">\n\t\t<div class=\"elementor-element elementor-element-c7b836e e-con-full e-flex e-con e-parent\" data-id=\"c7b836e\" data-element_type=\"container\" data-settings=\"{&quot;content_width&quot;:&quot;full&quot;,&quot;background_background&quot;:&quot;gradient&quot;,&quot;jet_parallax_layout_list&quot;:[],&quot;container_type&quot;:&quot;flex&quot;}\" data-core-v316-plus=\"true\">\n\t\t\t\t<div class=\"elementor-element elementor-element-fa6bbf5 elementor-widget elementor-widget-heading\" data-id=\"fa6bbf5\" data-element_type=\"widget\" data-widget_type=\"heading.default\">\n\t\t\t\t<div class=\"elementor-widget-container\">\n\t\t\t<h3 class=\"elementor-heading-title elementor-size-default\">G\u00c2NDARA Angola, LDA.<\/h3>\t\t<\/div>\n\t\t\t\t<\/div>\n\t\t\t\t<div class=\"elementor-element elementor-element-19811e4 elementor-widget elementor-widget-text-editor\" data-id=\"19811e4\" data-element_type=\"widget\" data-widget_type=\"text-editor.default\">\n\t\t\t\t<div class=\"elementor-widget-container\">\n\t\t\t\t\t\t\t<p>Av. Deolinda Rodrigues, KM 7 S\/N<br \/>Grafanil<br \/>Luanda &#8211; ANGOLA<\/p><p><strong>Escrit\u00f3rio<\/strong> <br \/>T. +244 930 438 962<br \/>E. gandarangola@gmail.com<\/p><p><br \/><strong>Dire\u00e7\u00e3o Financeira<\/strong><br \/>T. +244 937 926 091<br \/>E. gandarangola.financeiro@gmail.com<\/p><p><br \/><strong>Dire\u00e7\u00e3o Comercial<\/strong><br \/>T. +244 922 029 127 <br \/>E. gandarangolapp@gmail.com<\/p><p><br \/><strong>Administra\u00e7\u00e3o<\/strong> <br \/>Jorge Oliveira <br \/>T. +244 926 645 262 <br \/>E. jorgecabete@gmail.com<\/p>\t\t\t\t\t\t<\/div>\n\t\t\t\t<\/div>\n\t\t\t\t<\/div>\n\t\t<div class=\"elementor-element elementor-element-654cf70 e-con-full e-flex e-con e-parent\" data-id=\"654cf70\" data-element_type=\"container\" data-settings=\"{&quot;content_width&quot;:&quot;full&quot;,&quot;background_background&quot;:&quot;classic&quot;,&quot;jet_parallax_layout_list&quot;:[],&quot;container_type&quot;:&quot;flex&quot;}\" data-e-bg-lazyload=\"\" data-core-v316-plus=\"true\">\n\t\t\t\t<\/div>\n\t\t\t\t\t<\/div>\n\t\t\t\t<\/div>\n\t\t\t\t\t\t\t<\/div>\n\t\t","protected":false},"excerpt":{"rendered":"<p>Angola In Angola, our company, G\u00e2ndara Angola Lda. dedicates itself to the national and international distribution of food products. For this we have our logistic infrastructure for storage and transportation, with modern refrigeration equipment. In G\u00e2ndara Angola Lda. we work together with Ind\u00fastria de Carnes da G\u00e2ndara to produce the best food products, home-made or [&hellip;]<\/p>\n","protected":false},"author":1,"featured_media":0,"parent":0,"menu_order":0,"comment_status":"closed","ping_status":"closed","template":"elementor_header_footer","meta":{"footnotes":""},"class_list":["post-627","page","type-page","status-publish","hentry"],"yoast_head":"<!-- This site is optimized with the Yoast SEO plugin v21.2 - https:\/\/yoast.com\/wordpress\/plugins\/seo\/ -->\n<title>Angola - Carnes da G\u00e2ndara<\/title>\n<meta name=\"robots\" content=\"index, follow, max-snippet:-1, max-image-preview:large, max-video-preview:-1\" \/>\n<link rel=\"canonical\" href=\"https:\/\/carnesdagandara.pt\/angola\/\" \/>\n<meta property=\"og:locale\" content=\"en_US\" \/>\n<meta property=\"og:type\" content=\"article\" \/>\n<meta property=\"og:title\" content=\"Angola - Carnes da G\u00e2ndara\" \/>\n<meta property=\"og:description\" content=\"Angola In Angola, our company, G\u00e2ndara Angola Lda. dedicates itself to the national and international distribution of food products. For this we have our logistic infrastructure for storage and transportation, with modern refrigeration equipment. In G\u00e2ndara Angola Lda. we work together with Ind\u00fastria de Carnes da G\u00e2ndara to produce the best food products, home-made or [&hellip;]\" \/>\n<meta property=\"og:url\" content=\"https:\/\/carnesdagandara.pt\/angola\/\" \/>\n<meta property=\"og:site_name\" content=\"Carnes da G\u00e2ndara\" \/>\n<meta property=\"article:modified_time\" content=\"2023-09-19T10:40:35+00:00\" \/>\n<meta property=\"og:image\" content=\"https:\/\/carnesdagandara.pt\/wp-content\/uploads\/2023\/09\/vazia-1024x683.webp\" \/>\n<meta name=\"twitter:card\" content=\"summary_large_image\" \/>\n<meta name=\"twitter:label1\" content=\"Est. reading time\" \/>\n\t<meta name=\"twitter:data1\" content=\"1 minute\" \/>\n<script type=\"application\/ld+json\" class=\"yoast-schema-graph\">{\"@context\":\"https:\/\/schema.org\",\"@graph\":[{\"@type\":\"WebPage\",\"@id\":\"https:\/\/carnesdagandara.pt\/angola\/\",\"url\":\"https:\/\/carnesdagandara.pt\/angola\/\",\"name\":\"Angola - Carnes da G\u00e2ndara\",\"isPartOf\":{\"@id\":\"https:\/\/carnesdagandara.pt\/#website\"},\"datePublished\":\"2023-04-21T13:08:24+00:00\",\"dateModified\":\"2023-09-19T10:40:35+00:00\",\"breadcrumb\":{\"@id\":\"https:\/\/carnesdagandara.pt\/angola\/#breadcrumb\"},\"inLanguage\":\"en-US\",\"potentialAction\":[{\"@type\":\"ReadAction\",\"target\":[\"https:\/\/carnesdagandara.pt\/angola\/\"]}]},{\"@type\":\"BreadcrumbList\",\"@id\":\"https:\/\/carnesdagandara.pt\/angola\/#breadcrumb\",\"itemListElement\":[{\"@type\":\"ListItem\",\"position\":1,\"name\":\"In\u00edcio\",\"item\":\"https:\/\/carnesdagandara.pt\/\"},{\"@type\":\"ListItem\",\"position\":2,\"name\":\"Angola\"}]},{\"@type\":\"WebSite\",\"@id\":\"https:\/\/carnesdagandara.pt\/#website\",\"url\":\"https:\/\/carnesdagandara.pt\/\",\"name\":\"Carnes da G\u00e2ndara\",\"description\":\"\",\"potentialAction\":[{\"@type\":\"SearchAction\",\"target\":{\"@type\":\"EntryPoint\",\"urlTemplate\":\"https:\/\/carnesdagandara.pt\/?s={search_term_string}\"},\"query-input\":\"required name=search_term_string\"}],\"inLanguage\":\"en-US\"}]}<\/script>\n<!-- \/ Yoast SEO plugin. -->","yoast_head_json":{"title":"Angola - Carnes da G\u00e2ndara","robots":{"index":"index","follow":"follow","max-snippet":"max-snippet:-1","max-image-preview":"max-image-preview:large","max-video-preview":"max-video-preview:-1"},"canonical":"https:\/\/carnesdagandara.pt\/angola\/","og_locale":"en_US","og_type":"article","og_title":"Angola - Carnes da G\u00e2ndara","og_description":"Angola In Angola, our company, G\u00e2ndara Angola Lda. dedicates itself to the national and international distribution of food products. For this we have our logistic infrastructure for storage and transportation, with modern refrigeration equipment. In G\u00e2ndara Angola Lda. we work together with Ind\u00fastria de Carnes da G\u00e2ndara to produce the best food products, home-made or [&hellip;]","og_url":"https:\/\/carnesdagandara.pt\/angola\/","og_site_name":"Carnes da G\u00e2ndara","article_modified_time":"2023-09-19T10:40:35+00:00","og_image":[{"url":"https:\/\/carnesdagandara.pt\/wp-content\/uploads\/2023\/09\/vazia-1024x683.webp"}],"twitter_card":"summary_large_image","twitter_misc":{"Est. reading time":"1 minute"},"schema":{"@context":"https:\/\/schema.org","@graph":[{"@type":"WebPage","@id":"https:\/\/carnesdagandara.pt\/angola\/","url":"https:\/\/carnesdagandara.pt\/angola\/","name":"Angola - Carnes da G\u00e2ndara","isPartOf":{"@id":"https:\/\/carnesdagandara.pt\/#website"},"datePublished":"2023-04-21T13:08:24+00:00","dateModified":"2023-09-19T10:40:35+00:00","breadcrumb":{"@id":"https:\/\/carnesdagandara.pt\/angola\/#breadcrumb"},"inLanguage":"en-US","potentialAction":[{"@type":"ReadAction","target":["https:\/\/carnesdagandara.pt\/angola\/"]}]},{"@type":"BreadcrumbList","@id":"https:\/\/carnesdagandara.pt\/angola\/#breadcrumb","itemListElement":[{"@type":"ListItem","position":1,"name":"In\u00edcio","item":"https:\/\/carnesdagandara.pt\/"},{"@type":"ListItem","position":2,"name":"Angola"}]},{"@type":"WebSite","@id":"https:\/\/carnesdagandara.pt\/#website","url":"https:\/\/carnesdagandara.pt\/","name":"Carnes da G\u00e2ndara","description":"","potentialAction":[{"@type":"SearchAction","target":{"@type":"EntryPoint","urlTemplate":"https:\/\/carnesdagandara.pt\/?s={search_term_string}"},"query-input":"required name=search_term_string"}],"inLanguage":"en-US"}]}},"_links":{"self":[{"href":"https:\/\/carnesdagandara.pt\/en\/wp-json\/wp\/v2\/pages\/627","targetHints":{"allow":["GET"]}}],"collection":[{"href":"https:\/\/carnesdagandara.pt\/en\/wp-json\/wp\/v2\/pages"}],"about":[{"href":"https:\/\/carnesdagandara.pt\/en\/wp-json\/wp\/v2\/types\/page"}],"author":[{"embeddable":true,"href":"https:\/\/carnesdagandara.pt\/en\/wp-json\/wp\/v2\/users\/1"}],"replies":[{"embeddable":true,"href":"https:\/\/carnesdagandara.pt\/en\/wp-json\/wp\/v2\/comments?post=627"}],"version-history":[{"count":5,"href":"https:\/\/carnesdagandara.pt\/en\/wp-json\/wp\/v2\/pages\/627\/revisions"}],"predecessor-version":[{"id":648,"href":"https:\/\/carnesdagandara.pt\/en\/wp-json\/wp\/v2\/pages\/627\/revisions\/648"}],"wp:attachment":[{"href":"https:\/\/carnesdagandara.pt\/en\/wp-json\/wp\/v2\/media?parent=627"}],"curies":[{"name":"wp","href":"https:\/\/api.w.org\/{rel}","templated":true}]}}